{"id":392,"date":"2022-11-27T13:41:52","date_gmt":"2022-11-27T12:41:52","guid":{"rendered":"https:\/\/localhost\/kvf\/?page_id=392"},"modified":"2026-02-21T12:52:08","modified_gmt":"2026-02-21T11:52:08","slug":"garde","status":"publish","type":"page","link":"https:\/\/fasenickl.de\/?page_id=392","title":{"rendered":"Garde"},"content":{"rendered":"\n<p>Unsere gro\u00dfe Garde begeisterte uns auch in der Faschingssaison 2026 wieder mit ihrem Marsch und ihrem diesj\u00e4hrigen Showteil &#8222;Ruf der Pyramide&#8220;. Unser Prinzenpaar (Prinzessin Ida I. und Prinz Timo I.) pr\u00e4sentierte uns dabei einen Walzer und einen eigenen Showteil aus einem bekannten Filmst\u00fcck.<\/p>\n\n\n<p style=\"text-align: center;\">Garde und Prinzenpaar 2026:<\/p>\n\n\nngg_shortcode_0_placeholder\n\n\n\n<p>Im nachfolgenden Videor\u00fcckblick k\u00f6nnt ihr dabei Eindr\u00fccke aus der Faschingssaison 2026 gewinnen:<\/p>\n\n\n\n<figure class=\"wp-block-video\"><video height=\"1280\" style=\"aspect-ratio: 720 \/ 1280;\" width=\"720\" controls src=\"https:\/\/fasenickl.de\/wp-content\/uploads\/2026\/02\/Ein-unvergesslicher-Fasching-2026\u2728Mit-so-vielen-schoenen-Momenten-grossartigen-Auftritten-und-je-1.mp4\"><\/video><\/figure>\n\n\n\n<p class=\"has-text-align-center\"><strong>Kontakt<\/strong><\/p>\n\n\n<figure class=\"wp-block-table\">\n<table class=\"has-fixed-layout\" align=\"center\">\n<tbody>\n<tr>\n<td style=\"text-align: center;\">Trainerinnen Marsch<\/td>\n<td style=\"text-align: center;\">Trainerinnen Showteil<\/td>\n<td style=\"text-align: center;\">Trainerinnen Prinzenpaar<\/td>\n<\/tr>\n<tr>\n<td style=\"text-align: center;\"><img decoding=\"async\" class=\"wp-image-1\" src=\"https:\/\/fasenickl.de\/wp-content\/uploads\/2024\/10\/KVF-Profilbilder_20241021_052240_0000.png\" alt=\"Marsch-Trainerinnen\"><\/td>\n<td style=\"text-align: center;\"><img decoding=\"async\" class=\"wp-image-1\" src=\"https:\/\/fasenickl.de\/wp-content\/uploads\/2025\/10\/KVF-Profilbilder_20251019_124334_0000.png\" alt=\"show\"><\/td>\n<td style=\"text-align: center;\"><em>Bild folgt<\/em><\/td>\n<\/tr>\n<tr>\n<td style=\"text-align: center;\">Magdalena, Engelhardt, Franziska Bruckschl\u00f6gl, Katharina Gehr<\/td>\n<td style=\"text-align: center;\">Melinda Pfaller Nina Welser, Jessica Scheiblecker und Anna Gehr<\/td>\n<td style=\"text-align: center;\">Gisela Ostermeier,&nbsp;<\/td>\n<\/tr>\n<\/tbody>\n<\/table>\n<p style=\"text-align: center;\">&nbsp;<\/p>\n<\/figure>","protected":false},"excerpt":{"rendered":"<p>Unsere gro\u00dfe Garde begeisterte uns auch in der Faschingssaison 2026 wieder mit ihrem Marsch und ihrem diesj\u00e4hrigen Showteil &#8222;Ruf der Pyramide&#8220;. Unser Prinzenpaar (Prinzessin Ida I. und Prinz Timo I.) pr\u00e4sentierte uns dabei einen Walzer und einen eigenen Showteil aus <span class=\"readmore\"><a href=\"https:\/\/fasenickl.de\/?page_id=392\">Weiterlesen &#8230;<\/a><\/span><\/p>\n","protected":false},"author":1,"featured_media":0,"parent":26,"menu_order":0,"comment_status":"closed","ping_status":"closed","template":"","meta":{"ngg_post_thumbnail":0,"footnotes":"","_links_to":"","_links_to_target":""},"class_list":["post-392","page","type-page","status-publish","hentry"],"_links":{"self":[{"href":"https:\/\/fasenickl.de\/index.php?rest_route=\/wp\/v2\/pages\/392","targetHints":{"allow":["GET"]}}],"collection":[{"href":"https:\/\/fasenickl.de\/index.php?rest_route=\/wp\/v2\/pages"}],"about":[{"href":"https:\/\/fasenickl.de\/index.php?rest_route=\/wp\/v2\/types\/page"}],"author":[{"embeddable":true,"href":"https:\/\/fasenickl.de\/index.php?rest_route=\/wp\/v2\/users\/1"}],"replies":[{"embeddable":true,"href":"https:\/\/fasenickl.de\/index.php?rest_route=%2Fwp%2Fv2%2Fcomments&post=392"}],"version-history":[{"count":62,"href":"https:\/\/fasenickl.de\/index.php?rest_route=\/wp\/v2\/pages\/392\/revisions"}],"predecessor-version":[{"id":2383,"href":"https:\/\/fasenickl.de\/index.php?rest_route=\/wp\/v2\/pages\/392\/revisions\/2383"}],"up":[{"embeddable":true,"href":"https:\/\/fasenickl.de\/index.php?rest_route=\/wp\/v2\/pages\/26"}],"wp:attachment":[{"href":"https:\/\/fasenickl.de\/index.php?rest_route=%2Fwp%2Fv2%2Fmedia&parent=392"}],"curies":[{"name":"wp","href":"https:\/\/api.w.org\/{rel}","templated":true}]}}